{"id":592,"date":"2024-03-15T01:13:36","date_gmt":"2024-03-15T01:13:36","guid":{"rendered":"https:\/\/awesome-noyce.34-154-125-132.plesk.page\/?post_type=product&#038;p=592"},"modified":"2024-03-19T10:01:27","modified_gmt":"2024-03-19T10:01:27","slug":"cupin-di-ragu-di-chianina-bianco-180g","status":"publish","type":"product","link":"https:\/\/awesome-noyce.34-154-125-132.plesk.page\/index.php\/prodotto\/cupin-di-ragu-di-chianina-bianco-180g\/","title":{"rendered":"Cupin di Rag\u00f9 di Chianina Bianco 180g"},"content":{"rendered":"<ul>\n<li><strong>Ingredienti:<\/strong> Carne di bovino razza Chianina 44%, salsicce (carne di suino 95,7%, sale, aglio, pepe), cipolla, carota, patate, SEDANO, vino, olio extravergine di oliva, aglio, sale, pepe. Allergeni SEDANO<\/li>\n<li><strong>Valori Nutrizionali per 100Gr:<\/strong> Valore Energetico 768 Kcal; 183Kj; Grassi 13,5 g di cui saturi 4,2 g; Carboidrati 3,6 g di cui zuccheri 1,2 g; Proteine 10,7 g; Sale 0,9 g.<\/li>\n<li><strong><strong>Conservazione: <\/strong><\/strong>Conservare in luogo asciutto e fresco lontano da fonti di calore. Una volta aperto conservare in frigorifero entro 5giorni. Shelf Life 36 mesi dalla data di confezionamento.<\/li>\n<\/ul>\n","protected":false},"excerpt":{"rendered":"<p><strong>Rag\u00f9 di Chianina Bianco<\/strong><\/p>\n<p>Chi non conosce la razza Chianina? una delle razze forse pi\u00f9 antiche presenti sulla terra, utilizzata soprattutto per la forza motrice ma ora allevata per la sua carne molto gustosa. Non \u00e8 adatta ad allevamenti intensivi e per questo che viene allevata in pascoli aperti per poter mangiare e crescere con tempi lunghi. Ma \u00e8 proprio questo che rende la carne una delle pi\u00f9 gustose alla pari della Fassona Piemontese. Aprendo il vasetto sentirete subito il gusto del rag\u00f9 come fatto in casa.<\/p>\n","protected":false},"featured_media":672,"template":"","meta":{"content-type":""},"product_cat":[29,41,59,46],"product_tag":[],"giftcard-category":[],"class_list":["post-592","product","type-product","status-publish","has-post-thumbnail","hentry","product_cat-salato","product_cat-salatosughi","product_cat-sughi","product_cat-sughisalato"],"_links":{"self":[{"href":"https:\/\/awesome-noyce.34-154-125-132.plesk.page\/index.php\/wp-json\/wp\/v2\/product\/592","targetHints":{"allow":["GET"]}}],"collection":[{"href":"https:\/\/awesome-noyce.34-154-125-132.plesk.page\/index.php\/wp-json\/wp\/v2\/product"}],"about":[{"href":"https:\/\/awesome-noyce.34-154-125-132.plesk.page\/index.php\/wp-json\/wp\/v2\/types\/product"}],"wp:featuredmedia":[{"embeddable":true,"href":"https:\/\/awesome-noyce.34-154-125-132.plesk.page\/index.php\/wp-json\/wp\/v2\/media\/672"}],"wp:attachment":[{"href":"https:\/\/awesome-noyce.34-154-125-132.plesk.page\/index.php\/wp-json\/wp\/v2\/media?parent=592"}],"wp:term":[{"taxonomy":"product_cat","embeddable":true,"href":"https:\/\/awesome-noyce.34-154-125-132.plesk.page\/index.php\/wp-json\/wp\/v2\/product_cat?post=592"},{"taxonomy":"product_tag","embeddable":true,"href":"https:\/\/awesome-noyce.34-154-125-132.plesk.page\/index.php\/wp-json\/wp\/v2\/product_tag?post=592"},{"taxonomy":"giftcard-category","embeddable":true,"href":"https:\/\/awesome-noyce.34-154-125-132.plesk.page\/index.php\/wp-json\/wp\/v2\/giftcard-category?post=592"}],"curies":[{"name":"wp","href":"https:\/\/api.w.org\/{rel}","templated":true}]}}