{"id":507,"date":"2024-03-14T17:04:50","date_gmt":"2024-03-14T17:04:50","guid":{"rendered":"https:\/\/awesome-noyce.34-154-125-132.plesk.page\/?post_type=product&#038;p=507"},"modified":"2024-03-14T17:04:50","modified_gmt":"2024-03-14T17:04:50","slug":"kit-liguria","status":"publish","type":"product","link":"https:\/\/awesome-noyce.34-154-125-132.plesk.page\/index.php\/prodotto\/kit-liguria\/","title":{"rendered":"Kit Liguria"},"content":{"rendered":"<p>Regalatevi un emozione&#8230;<\/p>\n<p>&nbsp;<\/p>\n<p>KIT LIGURIA<\/p>\n<p>Nel Kit Liguria porterete nelle vostre tavole il profumo della Liguria.<\/p>\n<p>&nbsp;<\/p>\n<p>Cosa Comprende il KIT:<\/p>\n<p>&nbsp;<\/p>\n<p>&#8211; Una bottiglia di Olio del Nonno 100Taggiasco 500ml prodotto in Provincia di Imperia premiato al concorso internazionale di Londra 2021 con la medaglia di Bronzo<\/p>\n<p>&nbsp;<\/p>\n<p>&#8211; Un Cupin di Pate di Olive Taggiasche 100% da 180gr raccolte il provincia di Imperia e poi selezionate e accuratamente preparate per creare questa stuzzicante crema in Provincia di Savona<\/p>\n<p>&nbsp;<\/p>\n<p>&#8211; Una Confezione di Olive in Salamoia 150gr. Olive 100% taggiasche Raccolte in Provincia di Imperia e fatte riposare in Provincia di Savona.<\/p>\n<p>&nbsp;<\/p>\n<p>-Un Cupin di Pesto alla Ligure 180Gr magistralmente preparato con solo basilico DOP Genovese con certificazione e simbolo per garantire l&#8217;autenticit\u00e0 Ligure del prodotto. Aglio utilizzato \u00e8 il famoso Aglio di Vessalico molto noto fra i migliori chef. Possibilit\u00e0 di avere il pesto con o senza aglio&#8230;fateci sapere in fase di acquisto.<\/p>\n<p>&nbsp;<\/p>\n<p>&#8211; Un Cupin di Sugo Riviera 180gr. Un incontro fra il mare ligure con acciughe e le colline con i pomodori. Un esplosione di gusto LIgure.<\/p>\n<p>&nbsp;<\/p>\n<p>&#8211; Un Cupin di Confettura Extra Pesche e Amaretti 320gr. Un dolce da mangiare al cucchiaio che rappresenta la parte contadina della Liguria. Infatti, i nonni sbriciolavano gli amaretti (famosi nell&#8217;entroterra ligure) con le pesche in estate creando una merenda sfiziosa per i bambini e non..<\/p>\n<p>&nbsp;<\/p>\n<p>Con tutti gli acquisti in 1 all&#8217;interno troverete una serie di sapori, odori, e erbe aromatiche della liguria che serviranno a voi per poter far esaltare al meglio i vostri prodotti.<\/p>\n","protected":false},"excerpt":{"rendered":"<p>Regalatevi un emozione&#8230; &nbsp; KIT LIGURIA Nel Kit Liguria porterete nelle vostre tavole il profumo della Liguria. &nbsp; Cosa Comprende il KIT: &nbsp; &#8211; Una bottiglia di Olio del Nonno 100Taggiasco 500ml prodotto in Provincia di Imperia premiato al concorso internazionale di Londra 2021 con&#8230;<\/p>\n","protected":false},"featured_media":508,"template":"","meta":{"content-type":""},"product_cat":[31,37,56,63,60],"product_tag":[],"giftcard-category":[],"class_list":["post-507","product","type-product","status-publish","has-post-thumbnail","hentry","product_cat-olio-extravegine-e-affini","product_cat-cesti-natale","product_cat-confetture","product_cat-pesto","product_cat-pomodoro"],"_links":{"self":[{"href":"https:\/\/awesome-noyce.34-154-125-132.plesk.page\/index.php\/wp-json\/wp\/v2\/product\/507","targetHints":{"allow":["GET"]}}],"collection":[{"href":"https:\/\/awesome-noyce.34-154-125-132.plesk.page\/index.php\/wp-json\/wp\/v2\/product"}],"about":[{"href":"https:\/\/awesome-noyce.34-154-125-132.plesk.page\/index.php\/wp-json\/wp\/v2\/types\/product"}],"wp:featuredmedia":[{"embeddable":true,"href":"https:\/\/awesome-noyce.34-154-125-132.plesk.page\/index.php\/wp-json\/wp\/v2\/media\/508"}],"wp:attachment":[{"href":"https:\/\/awesome-noyce.34-154-125-132.plesk.page\/index.php\/wp-json\/wp\/v2\/media?parent=507"}],"wp:term":[{"taxonomy":"product_cat","embeddable":true,"href":"https:\/\/awesome-noyce.34-154-125-132.plesk.page\/index.php\/wp-json\/wp\/v2\/product_cat?post=507"},{"taxonomy":"product_tag","embeddable":true,"href":"https:\/\/awesome-noyce.34-154-125-132.plesk.page\/index.php\/wp-json\/wp\/v2\/product_tag?post=507"},{"taxonomy":"giftcard-category","embeddable":true,"href":"https:\/\/awesome-noyce.34-154-125-132.plesk.page\/index.php\/wp-json\/wp\/v2\/giftcard-category?post=507"}],"curies":[{"name":"wp","href":"https:\/\/api.w.org\/{rel}","templated":true}]}}