{"id":502,"date":"2024-03-14T16:57:04","date_gmt":"2024-03-14T16:57:04","guid":{"rendered":"https:\/\/awesome-noyce.34-154-125-132.plesk.page\/?post_type=product&#038;p=502"},"modified":"2024-03-14T16:57:04","modified_gmt":"2024-03-14T16:57:04","slug":"horror-mystery-box","status":"publish","type":"product","link":"https:\/\/awesome-noyce.34-154-125-132.plesk.page\/index.php\/prodotto\/horror-mystery-box\/","title":{"rendered":"Horror Mystery BOX"},"content":{"rendered":"<p><u><em><strong>Dolcetto o&#8230; scherzetto?????<\/strong><\/em><\/u><\/p>\n<p>Non \u00e8 uno scherzetto \u00e8 pura realt\u00e0!<\/p>\n<p>Acquistando questo MYSTERY BOX sceglieremo per te 4 prodotti<\/p>\n<p><em><u><strong>SPAVENTOSAMENTE BUONI<\/strong><\/u><\/em> in tema HALLOWEEN e ti arriveranno a casa in 24H.<\/p>\n<p><u><em><strong>APPROFITTA<\/strong><\/em><\/u><\/p>\n<p>della Promozione Halloween fino al 1 Novembre 2023<\/p>\n","protected":false},"excerpt":{"rendered":"<div class=\"row\">\n<div class=\"columns small-12 subtitle info-section-subtitle\"><span class=\"ng-binding\">SEZIONI PER INFORMAZIONI AGGIUNTIVE<\/span><\/div>\n<\/div>\n<div class=\"row\">\n<div class=\"columns small-12 ng-scope\">\n<p><span class=\"ng-binding ng-scope\" data-hook=\"physical-product-info-section-explanation\">Condividi con i tuoi clienti informazioni come la Politica sui resi e le istruzioni per la cura del prodotto.<\/span><\/p>\n<\/div>\n<\/div>\n","protected":false},"featured_media":503,"template":"","meta":{"content-type":""},"product_cat":[56],"product_tag":[],"giftcard-category":[],"class_list":["post-502","product","type-product","status-publish","has-post-thumbnail","hentry","product_cat-confetture"],"_links":{"self":[{"href":"https:\/\/awesome-noyce.34-154-125-132.plesk.page\/index.php\/wp-json\/wp\/v2\/product\/502","targetHints":{"allow":["GET"]}}],"collection":[{"href":"https:\/\/awesome-noyce.34-154-125-132.plesk.page\/index.php\/wp-json\/wp\/v2\/product"}],"about":[{"href":"https:\/\/awesome-noyce.34-154-125-132.plesk.page\/index.php\/wp-json\/wp\/v2\/types\/product"}],"wp:featuredmedia":[{"embeddable":true,"href":"https:\/\/awesome-noyce.34-154-125-132.plesk.page\/index.php\/wp-json\/wp\/v2\/media\/503"}],"wp:attachment":[{"href":"https:\/\/awesome-noyce.34-154-125-132.plesk.page\/index.php\/wp-json\/wp\/v2\/media?parent=502"}],"wp:term":[{"taxonomy":"product_cat","embeddable":true,"href":"https:\/\/awesome-noyce.34-154-125-132.plesk.page\/index.php\/wp-json\/wp\/v2\/product_cat?post=502"},{"taxonomy":"product_tag","embeddable":true,"href":"https:\/\/awesome-noyce.34-154-125-132.plesk.page\/index.php\/wp-json\/wp\/v2\/product_tag?post=502"},{"taxonomy":"giftcard-category","embeddable":true,"href":"https:\/\/awesome-noyce.34-154-125-132.plesk.page\/index.php\/wp-json\/wp\/v2\/giftcard-category?post=502"}],"curies":[{"name":"wp","href":"https:\/\/api.w.org\/{rel}","templated":true}]}}