{"id":483,"date":"2024-03-14T16:40:02","date_gmt":"2024-03-14T16:40:02","guid":{"rendered":"https:\/\/awesome-noyce.34-154-125-132.plesk.page\/?post_type=product&#038;p=483"},"modified":"2024-03-14T16:40:03","modified_gmt":"2024-03-14T16:40:03","slug":"cesto-dolce-natale","status":"publish","type":"product","link":"https:\/\/awesome-noyce.34-154-125-132.plesk.page\/index.php\/prodotto\/cesto-dolce-natale\/","title":{"rendered":"Cesto &#8220;DOLCE NATALE&#8221;"},"content":{"rendered":"<p>Cesto Regalo &#8220;DOLCE NATALE&#8221;<\/p>\n<p>Natale \u00e8 il momento pi\u00f9 dolce dell&#8217;anno. E quindi perch\u00e8 non renderlo ancora pi\u00f9 dolce con le nostre &#8220;dolcezze&#8221;???<\/p>\n<p>Proponiamo una selezione di nostri dolci che faranno impazzire chi le ricever\u00e0.<\/p>\n<p>Il cesto cosa comprende:<\/p>\n<p><strong>&#8211; Un cupin di confettura Extra di Fragole e Cacao 320gr<\/strong><\/p>\n<p><strong>&#8211; Un cupin di Marmellata Arance Amare 320gr<\/strong><\/p>\n<p><strong>&#8211; Un cupin di ottima crema al Pistacchio 200gr\u00a0<\/strong><\/p>\n<p><strong>&#8211; Ottime Scorzette di Arancia al Cioccolato Fondente 200gr<\/strong><\/p>\n<p><strong>\u00a0 \u00a0 \u00a0 \u00a0 \u00a0 \u00a0 \u00a0 \u00a0 \u00a0 \u00a0 \u00a0 \u00a0 \u00a0 \u00a0 \u00a0 \u00a0 Un DOLCISSIMO NATALE<\/strong><\/p>\n<p>I nostri Cesti di Natale vengono realizzati rispettando la Natura.<\/p>\n<p>Saranno di Cartone reciclato e riempimento Paglia\/Fieno raccolto in Valle Arroscia (Im) per essere in linea con i nostri prodotti, Sani e Genuini.<\/p>\n","protected":false},"excerpt":{"rendered":"<div class=\"row\">\n<div class=\"columns small-12 subtitle info-section-subtitle\"><span class=\"ng-binding\">SEZIONI PER INFORMAZIONI AGGIUNTIVE<\/span><\/div>\n<\/div>\n<div class=\"row\">\n<div class=\"columns small-12 ng-scope\">\n<p><span class=\"ng-binding ng-scope\" data-hook=\"physical-product-info-section-explanation\">Condividi con i tuoi clienti informazioni come la Politica sui resi e le istruzioni per la cura del prodotto.<\/span><\/p>\n<\/div>\n<\/div>\n","protected":false},"featured_media":485,"template":"","meta":{"content-type":""},"product_cat":[37],"product_tag":[],"giftcard-category":[],"class_list":["post-483","product","type-product","status-publish","has-post-thumbnail","hentry","product_cat-cesti-natale"],"_links":{"self":[{"href":"https:\/\/awesome-noyce.34-154-125-132.plesk.page\/index.php\/wp-json\/wp\/v2\/product\/483","targetHints":{"allow":["GET"]}}],"collection":[{"href":"https:\/\/awesome-noyce.34-154-125-132.plesk.page\/index.php\/wp-json\/wp\/v2\/product"}],"about":[{"href":"https:\/\/awesome-noyce.34-154-125-132.plesk.page\/index.php\/wp-json\/wp\/v2\/types\/product"}],"wp:featuredmedia":[{"embeddable":true,"href":"https:\/\/awesome-noyce.34-154-125-132.plesk.page\/index.php\/wp-json\/wp\/v2\/media\/485"}],"wp:attachment":[{"href":"https:\/\/awesome-noyce.34-154-125-132.plesk.page\/index.php\/wp-json\/wp\/v2\/media?parent=483"}],"wp:term":[{"taxonomy":"product_cat","embeddable":true,"href":"https:\/\/awesome-noyce.34-154-125-132.plesk.page\/index.php\/wp-json\/wp\/v2\/product_cat?post=483"},{"taxonomy":"product_tag","embeddable":true,"href":"https:\/\/awesome-noyce.34-154-125-132.plesk.page\/index.php\/wp-json\/wp\/v2\/product_tag?post=483"},{"taxonomy":"giftcard-category","embeddable":true,"href":"https:\/\/awesome-noyce.34-154-125-132.plesk.page\/index.php\/wp-json\/wp\/v2\/giftcard-category?post=483"}],"curies":[{"name":"wp","href":"https:\/\/api.w.org\/{rel}","templated":true}]}}