{"id":463,"date":"2024-03-14T16:06:46","date_gmt":"2024-03-14T16:06:46","guid":{"rendered":"https:\/\/awesome-noyce.34-154-125-132.plesk.page\/?post_type=product&#038;p=463"},"modified":"2024-03-19T16:12:58","modified_gmt":"2024-03-19T16:12:58","slug":"taggiasca-smokey","status":"publish","type":"product","link":"https:\/\/awesome-noyce.34-154-125-132.plesk.page\/index.php\/prodotto\/taggiasca-smokey\/","title":{"rendered":"Taggiasca Smokey"},"content":{"rendered":"<p>Condividi con i tuoi clienti informazioni come la Politica sui resi e le istruzioni per la cura del prodotto.<\/p>\n","protected":false},"excerpt":{"rendered":"<p>Vuoi aromatizzare la tua grigliata con il profumo tipico del legno di Ulivo Taggiasco?<\/p>\n<p>Abbiamo la soluzione per te Taggiasca Smokey!!<\/p>\n<p>Rendi la tua grigliata fantastica, ti servir\u00e0 solamente acquistatela nostra confezione di Taggiasca Smokey, bagnarla con l&#8217;acqua e inserirla in qualsiasi affumicatore per Barbecue.<\/p>\n<p>Una volta che la brace \u00e8 calda oppure la griglia elettrica o a gas \u00e8 calda inserisci l&#8217;affumicatore nel Barbecue e il gioco \u00e8 fatto!<\/p>\n<p>Il profumo dell&#8217;olivo invader\u00e0 la vostre pietanze.<\/p>\n<p>Consigliato soprattutto per carni bianche, maiale e pollo.<\/p>\n<p>100% Legno di Ulivo Biologico proveniente dalla Liguria Piante Cultivar Taggiasche Gr 500.<\/p>\n","protected":false},"featured_media":468,"template":"","meta":{"content-type":""},"product_cat":[15],"product_tag":[],"giftcard-category":[],"class_list":["post-463","product","type-product","status-publish","has-post-thumbnail","hentry","product_cat-senza-categoria"],"_links":{"self":[{"href":"https:\/\/awesome-noyce.34-154-125-132.plesk.page\/index.php\/wp-json\/wp\/v2\/product\/463","targetHints":{"allow":["GET"]}}],"collection":[{"href":"https:\/\/awesome-noyce.34-154-125-132.plesk.page\/index.php\/wp-json\/wp\/v2\/product"}],"about":[{"href":"https:\/\/awesome-noyce.34-154-125-132.plesk.page\/index.php\/wp-json\/wp\/v2\/types\/product"}],"wp:featuredmedia":[{"embeddable":true,"href":"https:\/\/awesome-noyce.34-154-125-132.plesk.page\/index.php\/wp-json\/wp\/v2\/media\/468"}],"wp:attachment":[{"href":"https:\/\/awesome-noyce.34-154-125-132.plesk.page\/index.php\/wp-json\/wp\/v2\/media?parent=463"}],"wp:term":[{"taxonomy":"product_cat","embeddable":true,"href":"https:\/\/awesome-noyce.34-154-125-132.plesk.page\/index.php\/wp-json\/wp\/v2\/product_cat?post=463"},{"taxonomy":"product_tag","embeddable":true,"href":"https:\/\/awesome-noyce.34-154-125-132.plesk.page\/index.php\/wp-json\/wp\/v2\/product_tag?post=463"},{"taxonomy":"giftcard-category","embeddable":true,"href":"https:\/\/awesome-noyce.34-154-125-132.plesk.page\/index.php\/wp-json\/wp\/v2\/giftcard-category?post=463"}],"curies":[{"name":"wp","href":"https:\/\/api.w.org\/{rel}","templated":true}]}}